{"id":1385,"date":"2023-08-17T13:12:10","date_gmt":"2023-08-17T13:12:10","guid":{"rendered":"https:\/\/staging.fa-weilheim.de\/var\/www\/html\/?page_id=1385"},"modified":"2023-08-17T13:21:48","modified_gmt":"2023-08-17T13:21:48","slug":"elementor-1385","status":"publish","type":"page","link":"https:\/\/staging.fa-weilheim.de\/var\/www\/html\/?page_id=1385","title":{"rendered":"Kegelnanalge"},"content":{"rendered":"\t\t<div data-elementor-type=\"wp-page\" data-elementor-id=\"1385\" class=\"elementor elementor-1385\" data-elementor-post-type=\"page\">\n\t\t\t\t\t\t<section class=\"elementor-section elementor-top-section elementor-element elementor-element-bzh8max elementor-section-boxed elementor-section-height-default elementor-section-height-default\" data-id=\"bzh8max\" data-element_type=\"section\" data-e-type=\"section\" data-settings=\"{&quot;background_background&quot;:&quot;classic&quot;}\">\n\t\t\t\t\t\t<div class=\"elementor-container elementor-column-gap-no\">\n\t\t\t\t\t<div class=\"elementor-column elementor-col-100 elementor-top-column elementor-element elementor-element-ebb32f9\" data-id=\"ebb32f9\" data-element_type=\"column\" data-e-type=\"column\">\n\t\t\t<div class=\"elementor-widget-wrap elementor-element-populated\">\n\t\t\t\t\t\t<div class=\"elementor-element elementor-element-000a0b8 elementor-widget elementor-widget-heading\" data-id=\"000a0b8\" data-element_type=\"widget\" data-e-type=\"widget\" data-widget_type=\"heading.default\">\n\t\t\t\t<div class=\"elementor-widget-container\">\n\t\t\t\t\t<h6 class=\"elementor-heading-title elementor-size-default\">unsere Heimat<\/h6>\t\t\t\t<\/div>\n\t\t\t\t<\/div>\n\t\t\t\t<div class=\"elementor-element elementor-element-b8c0aca elementor-widget elementor-widget-heading\" data-id=\"b8c0aca\" data-element_type=\"widget\" data-e-type=\"widget\" data-widget_type=\"heading.default\">\n\t\t\t\t<div class=\"elementor-widget-container\">\n\t\t\t\t\t<h1 class=\"elementor-heading-title elementor-size-default\">Kegelanalge<\/h1>\t\t\t\t<\/div>\n\t\t\t\t<\/div>\n\t\t\t\t\t<\/div>\n\t\t<\/div>\n\t\t\t\t\t<\/div>\n\t\t<\/section>\n\t\t\t\t<section class=\"elementor-section elementor-top-section elementor-element elementor-element-jho6bfk elementor-section-boxed elementor-section-height-default elementor-section-height-default elementor-invisible\" data-id=\"jho6bfk\" data-element_type=\"section\" data-e-type=\"section\" data-settings=\"{&quot;background_background&quot;:&quot;classic&quot;,&quot;animation&quot;:&quot;fadeInLeft&quot;}\">\n\t\t\t\t\t\t<div class=\"elementor-container elementor-column-gap-no\">\n\t\t\t\t\t<div class=\"elementor-column elementor-col-50 elementor-top-column elementor-element elementor-element-df94580\" data-id=\"df94580\" data-element_type=\"column\" data-e-type=\"column\">\n\t\t\t<div class=\"elementor-widget-wrap elementor-element-populated\">\n\t\t\t\t\t\t<div class=\"elementor-element elementor-element-9dc3237 elementor-widget elementor-widget-heading\" data-id=\"9dc3237\" data-element_type=\"widget\" data-e-type=\"widget\" data-widget_type=\"heading.default\">\n\t\t\t\t<div class=\"elementor-widget-container\">\n\t\t\t\t\t<h6 class=\"elementor-heading-title elementor-size-default\">What Are You Waiting For...<\/h6>\t\t\t\t<\/div>\n\t\t\t\t<\/div>\n\t\t\t\t<div class=\"elementor-element elementor-element-27264ec elementor-widget elementor-widget-heading\" data-id=\"27264ec\" data-element_type=\"widget\" data-e-type=\"widget\" data-widget_type=\"heading.default\">\n\t\t\t\t<div class=\"elementor-widget-container\">\n\t\t\t\t\t<h2 class=\"elementor-heading-title elementor-size-default\">Make an appointment<\/h2>\t\t\t\t<\/div>\n\t\t\t\t<\/div>\n\t\t\t\t<div class=\"elementor-element elementor-element-1821c34 elementor-widget elementor-widget-text-editor\" data-id=\"1821c34\" data-element_type=\"widget\" data-e-type=\"widget\" data-widget_type=\"text-editor.default\">\n\t\t\t\t<div class=\"elementor-widget-container\">\n\t\t\t\t\t\t\t\t\t<div class=\"wp-block-uagb-container uagb-block-8ad5cfd2 alignwide uagb-is-root-container\"><p class=\"has-text-align-center\" style=\"text-align: left;\">Die neu erbaute vier Bahnenanlage in Weilheim, gebaut von der Firma Funk International im Jahr 2022, bietet Platz f\u00fcr Sportbetrieb, Gesellschaft, Firmenevents und private Veranstaltungen. Die Kegelbahn verf\u00fcgt \u00fcber zwei Umkleider\u00e4ume mit Dusche und Toilette, Zuschauertrib\u00fcne und Tische f\u00fcr jede Bahn mit ausreichender Bestuhlung. Durch eine Verbindung zur Bowling-Anlage nebenan f\u00fcr das leibliche Wohl gesorgt, aber bietet auch die M\u00f6glichkeit den Abend mit einer Runde Billard oder Dart abzuschlie\u00dfen.<\/p><\/div><div class=\"wp-block-uagb-container uagb-block-afca2ad7 alignfull uagb-is-root-container\"><div class=\"uagb-container-inner-blocks-wrap\"><div class=\"wp-block-uagb-container uagb-block-8f460044\"><div class=\"wp-block-uagb-container uagb-block-6af4834d\"><div class=\"wp-block-uagb-info-box uagb-block-a5d87e67 uagb-infobox__content-wrap uagb-infobox-icon-above-title uagb-infobox-image-valign-top\"><div class=\"uagb-ifb-content\"><div class=\"uagb-ifb-title-wrap\">\u00a0<\/div><\/div><\/div><\/div><\/div><\/div><\/div>\t\t\t\t\t\t\t\t<\/div>\n\t\t\t\t<\/div>\n\t\t\t\t<div class=\"elementor-element elementor-element-c28d8ff elementor-position-inline-start elementor-view-default elementor-mobile-position-block-start elementor-widget elementor-widget-icon-box\" data-id=\"c28d8ff\" data-element_type=\"widget\" data-e-type=\"widget\" data-widget_type=\"icon-box.default\">\n\t\t\t\t<div class=\"elementor-widget-container\">\n\t\t\t\t\t\t\t<div class=\"elementor-icon-box-wrapper\">\n\n\t\t\t\t\t\t<div class=\"elementor-icon-box-icon\">\n\t\t\t\t<a href=\"https:\/\/www.google.de\/maps\/dir\/\/oberland-bowling\/@47.8438475,11.135339,17z\/data=!4m9!4m8!1m0!1m5!1m1!1s0x479db5b1f30d4923:0x10757089a2a912ba!2m2!1d11.1338655!2d47.845954!3e0?hl=de\" class=\"elementor-icon\" tabindex=\"-1\" aria-label=\"Standort\">\n\t\t\t\t<i aria-hidden=\"true\" class=\"fas fa-map-marker-alt\"><\/i>\t\t\t\t<\/a>\n\t\t\t<\/div>\n\t\t\t\n\t\t\t\t\t\t<div class=\"elementor-icon-box-content\">\n\n\t\t\t\t\t\t\t\t\t<h6 class=\"elementor-icon-box-title\">\n\t\t\t\t\t\t<a href=\"https:\/\/www.google.de\/maps\/dir\/\/oberland-bowling\/@47.8438475,11.135339,17z\/data=!4m9!4m8!1m0!1m5!1m1!1s0x479db5b1f30d4923:0x10757089a2a912ba!2m2!1d11.1338655!2d47.845954!3e0?hl=de\" >\n\t\t\t\t\t\t\tStandort\t\t\t\t\t\t<\/a>\n\t\t\t\t\t<\/h6>\n\t\t\t\t\n\t\t\t\t\t\t\t\t\t<p class=\"elementor-icon-box-description\">\n\t\t\t\t\t\tKegelsport-Halle Weilheim\nKanalstra\u00dfe 2a\n82362 Weilheim\t\t\t\t\t<\/p>\n\t\t\t\t\n\t\t\t<\/div>\n\t\t\t\n\t\t<\/div>\n\t\t\t\t\t\t<\/div>\n\t\t\t\t<\/div>\n\t\t\t\t<div class=\"elementor-element elementor-element-f650085 elementor-widget-divider--view-line elementor-widget elementor-widget-divider\" data-id=\"f650085\" data-element_type=\"widget\" data-e-type=\"widget\" data-widget_type=\"divider.default\">\n\t\t\t\t<div class=\"elementor-widget-container\">\n\t\t\t\t\t\t\t<div class=\"elementor-divider\">\n\t\t\t<span class=\"elementor-divider-separator\">\n\t\t\t\t\t\t<\/span>\n\t\t<\/div>\n\t\t\t\t\t\t<\/div>\n\t\t\t\t<\/div>\n\t\t\t\t<div class=\"elementor-element elementor-element-477f54e elementor-position-inline-start elementor-widget__width-auto elementor-widget-tablet__width-inherit elementor-view-default elementor-mobile-position-block-start elementor-widget elementor-widget-icon-box\" data-id=\"477f54e\" data-element_type=\"widget\" data-e-type=\"widget\" data-widget_type=\"icon-box.default\">\n\t\t\t\t<div class=\"elementor-widget-container\">\n\t\t\t\t\t\t\t<div class=\"elementor-icon-box-wrapper\">\n\n\t\t\t\t\t\t<div class=\"elementor-icon-box-icon\">\n\t\t\t\t<span  class=\"elementor-icon\">\n\t\t\t\t<i aria-hidden=\"true\" class=\"fas fa-clock\"><\/i>\t\t\t\t<\/span>\n\t\t\t<\/div>\n\t\t\t\n\t\t\t\t\t\t<div class=\"elementor-icon-box-content\">\n\n\t\t\t\t\t\t\t\t\t<h6 class=\"elementor-icon-box-title\">\n\t\t\t\t\t\t<span  >\n\t\t\t\t\t\t\tOpening Hours\t\t\t\t\t\t<\/span>\n\t\t\t\t\t<\/h6>\n\t\t\t\t\n\t\t\t\t\t\t\t\t\t<p class=\"elementor-icon-box-description\">\n\t\t\t\t\t\tMon-Fri: 6am-10pm<br>Sat-Sun: 8am-2pm\t\t\t\t\t<\/p>\n\t\t\t\t\n\t\t\t<\/div>\n\t\t\t\n\t\t<\/div>\n\t\t\t\t\t\t<\/div>\n\t\t\t\t<\/div>\n\t\t\t\t<div class=\"elementor-element elementor-element-b4b8c00 elementor-position-inline-start elementor-widget__width-auto elementor-widget-tablet__width-inherit elementor-view-default elementor-mobile-position-block-start elementor-widget elementor-widget-icon-box\" data-id=\"b4b8c00\" data-element_type=\"widget\" data-e-type=\"widget\" data-widget_type=\"icon-box.default\">\n\t\t\t\t<div class=\"elementor-widget-container\">\n\t\t\t\t\t\t\t<div class=\"elementor-icon-box-wrapper\">\n\n\t\t\t\t\t\t<div class=\"elementor-icon-box-icon\">\n\t\t\t\t<span  class=\"elementor-icon\">\n\t\t\t\t<i aria-hidden=\"true\" class=\"fas fa-store\"><\/i>\t\t\t\t<\/span>\n\t\t\t<\/div>\n\t\t\t\n\t\t\t\t\t\t<div class=\"elementor-icon-box-content\">\n\n\t\t\t\t\t\t\t\t\t<h6 class=\"elementor-icon-box-title\">\n\t\t\t\t\t\t<span  >\n\t\t\t\t\t\t\tContact\t\t\t\t\t\t<\/span>\n\t\t\t\t\t<\/h6>\n\t\t\t\t\n\t\t\t\t\t\t\t\t\t<p class=\"elementor-icon-box-description\">\n\t\t\t\t\t\tPhone: +1 123-456-7890<br>Email: mail@example.com\t\t\t\t\t<\/p>\n\t\t\t\t\n\t\t\t<\/div>\n\t\t\t\n\t\t<\/div>\n\t\t\t\t\t\t<\/div>\n\t\t\t\t<\/div>\n\t\t\t\t\t<\/div>\n\t\t<\/div>\n\t\t\t\t<div class=\"elementor-column elementor-col-50 elementor-top-column elementor-element elementor-element-a6e570a\" data-id=\"a6e570a\" data-element_type=\"column\" data-e-type=\"column\">\n\t\t\t<div class=\"elementor-widget-wrap elementor-element-populated\">\n\t\t\t\t\t\t<div class=\"elementor-element elementor-element-d785e78 elementor-widget-divider--view-line elementor-widget elementor-widget-divider\" data-id=\"d785e78\" data-element_type=\"widget\" data-e-type=\"widget\" data-widget_type=\"divider.default\">\n\t\t\t\t<div class=\"elementor-widget-container\">\n\t\t\t\t\t\t\t<div class=\"elementor-divider\">\n\t\t\t<span class=\"elementor-divider-separator\">\n\t\t\t\t\t\t<\/span>\n\t\t<\/div>\n\t\t\t\t\t\t<\/div>\n\t\t\t\t<\/div>\n\t\t\t\t<div class=\"elementor-element elementor-element-fb0b629 elementor-widget elementor-widget-heading\" data-id=\"fb0b629\" data-element_type=\"widget\" data-e-type=\"widget\" data-widget_type=\"heading.default\">\n\t\t\t\t<div class=\"elementor-widget-container\">\n\t\t\t\t\t<h4 class=\"elementor-heading-title elementor-size-default\">Get a free quote<\/h4>\t\t\t\t<\/div>\n\t\t\t\t<\/div>\n\t\t\t\t\t<\/div>\n\t\t<\/div>\n\t\t\t\t\t<\/div>\n\t\t<\/section>\n\t\t\t\t<section class=\"elementor-section elementor-top-section elementor-element elementor-element-757549b elementor-section-full_width elementor-section-height-default elementor-section-height-default\" data-id=\"757549b\" data-element_type=\"section\" data-e-type=\"section\">\n\t\t\t\t\t\t<div class=\"elementor-container elementor-column-gap-default\">\n\t\t\t\t\t<div class=\"elementor-column elementor-col-100 elementor-top-column elementor-element elementor-element-aac8b26\" data-id=\"aac8b26\" data-element_type=\"column\" data-e-type=\"column\">\n\t\t\t<div class=\"elementor-widget-wrap\">\n\t\t\t\t\t\t\t<\/div>\n\t\t<\/div>\n\t\t\t\t\t<\/div>\n\t\t<\/section>\n\t\t\t\t<\/div>\n\t\t","protected":false},"excerpt":{"rendered":"<p>unsere Heimat Kegelanalge What Are You Waiting For&#8230; Make an appointment Die neu erbaute vier Bahnenanlage in Weilheim, gebaut von der Firma Funk International im Jahr 2022, bietet Platz f\u00fcr Sportbetrieb, Gesellschaft, Firmenevents und private Veranstaltungen. Die Kegelbahn verf\u00fcgt \u00fcber zwei Umkleider\u00e4ume mit Dusche und Toilette, Zuschauertrib\u00fcne und Tische f\u00fcr jede Bahn mit ausreichender Bestuhlung. [&hellip;]<\/p>\n","protected":false},"author":2,"featured_media":0,"parent":0,"menu_order":0,"comment_status":"closed","ping_status":"closed","template":"elementor_theme","meta":{"inline_featured_image":false,"site-sidebar-layout":"no-sidebar","site-content-layout":"page-builder","ast-site-content-layout":"default","site-content-style":"default","site-sidebar-style":"default","ast-global-header-display":"","ast-banner-title-visibility":"","ast-main-header-display":"","ast-hfb-above-header-display":"","ast-hfb-below-header-display":"","ast-hfb-mobile-header-display":"","site-post-title":"disabled","ast-breadcrumbs-content":"","ast-featured-img":"disabled","footer-sml-layout":"","ast-disable-related-posts":"","theme-transparent-header-meta":"","adv-header-id-meta":"","stick-header-meta":"","header-above-stick-meta":"","header-main-stick-meta":"","header-below-stick-meta":"","astra-migrate-meta-layouts":"set","ast-page-background-enabled":"default","ast-page-background-meta":{"desktop":{"background-color":"","background-image":"","background-repeat":"repeat","background-position":"center center","background-size":"auto","background-attachment":"scroll","background-type":"","background-media":"","overlay-type":"","overlay-color":"","overlay-opacity":"","overlay-gradient":""},"tablet":{"background-color":"","background-image":"","background-repeat":"repeat","background-position":"center center","background-size":"auto","background-attachment":"scroll","background-type":"","background-media":"","overlay-type":"","overlay-color":"","overlay-opacity":"","overlay-gradient":""},"mobile":{"background-color":"","background-image":"","background-repeat":"repeat","background-position":"center center","background-size":"auto","background-attachment":"scroll","background-type":"","background-media":"","overlay-type":"","overlay-color":"","overlay-opacity":"","overlay-gradient":""}},"ast-content-background-meta":{"desktop":{"background-color":"var(--ast-global-color-5)","background-image":"","background-repeat":"repeat","background-position":"center center","background-size":"auto","background-attachment":"scroll","background-type":"","background-media":"","overlay-type":"","overlay-color":"","overlay-opacity":"","overlay-gradient":""},"tablet":{"background-color":"var(--ast-global-color-5)","background-image":"","background-repeat":"repeat","background-position":"center center","background-size":"auto","background-attachment":"scroll","background-type":"","background-media":"","overlay-type":"","overlay-color":"","overlay-opacity":"","overlay-gradient":""},"mobile":{"background-color":"var(--ast-global-color-5)","background-image":"","background-repeat":"repeat","background-position":"center center","background-size":"auto","background-attachment":"scroll","background-type":"","background-media":"","overlay-type":"","overlay-color":"","overlay-opacity":"","overlay-gradient":""}},"footnotes":""},"class_list":["post-1385","page","type-page","status-publish","hentry"],"yoast_head":"<!-- This site is optimized with the Yoast SEO plugin v27.2 - https:\/\/yoast.com\/product\/yoast-seo-wordpress\/ -->\n<title>Kegelnanalge - S.K.C Frischauf Weilheim<\/title>\n<meta name=\"robots\" content=\"noindex, follow, max-snippet:-1, max-image-preview:large, max-video-preview:-1\" \/>\n<meta property=\"og:locale\" content=\"de_DE\" \/>\n<meta property=\"og:type\" content=\"article\" \/>\n<meta property=\"og:title\" content=\"Kegelnanalge - S.K.C Frischauf Weilheim\" \/>\n<meta property=\"og:description\" content=\"unsere Heimat Kegelanalge What Are You Waiting For&#8230; Make an appointment Die neu erbaute vier Bahnenanlage in Weilheim, gebaut von der Firma Funk International im Jahr 2022, bietet Platz f\u00fcr Sportbetrieb, Gesellschaft, Firmenevents und private Veranstaltungen. Die Kegelbahn verf\u00fcgt \u00fcber zwei Umkleider\u00e4ume mit Dusche und Toilette, Zuschauertrib\u00fcne und Tische f\u00fcr jede Bahn mit ausreichender Bestuhlung. [&hellip;]\" \/>\n<meta property=\"og:url\" content=\"https:\/\/staging.fa-weilheim.de\/var\/www\/html\/?page_id=1385\" \/>\n<meta property=\"og:site_name\" content=\"S.K.C Frischauf Weilheim\" \/>\n<meta property=\"article:modified_time\" content=\"2023-08-17T13:21:48+00:00\" \/>\n<meta name=\"twitter:card\" content=\"summary_large_image\" \/>\n<meta name=\"twitter:label1\" content=\"Gesch\u00e4tzte Lesezeit\" \/>\n\t<meta name=\"twitter:data1\" content=\"1\u00a0Minute\" \/>\n<script type=\"application\/ld+json\" class=\"yoast-schema-graph\">{\"@context\":\"https:\/\/schema.org\",\"@graph\":[{\"@type\":\"WebPage\",\"@id\":\"https:\/\/staging.fa-weilheim.de\/var\/www\/html\/?page_id=1385\",\"url\":\"https:\/\/staging.fa-weilheim.de\/var\/www\/html\/?page_id=1385\",\"name\":\"Kegelnanalge - S.K.C Frischauf Weilheim\",\"isPartOf\":{\"@id\":\"https:\/\/staging.fa-weilheim.de\/var\/www\/html\/#website\"},\"datePublished\":\"2023-08-17T13:12:10+00:00\",\"dateModified\":\"2023-08-17T13:21:48+00:00\",\"breadcrumb\":{\"@id\":\"https:\/\/staging.fa-weilheim.de\/var\/www\/html\/?page_id=1385#breadcrumb\"},\"inLanguage\":\"de\",\"potentialAction\":[{\"@type\":\"ReadAction\",\"target\":[\"https:\/\/staging.fa-weilheim.de\/var\/www\/html\/?page_id=1385\"]}]},{\"@type\":\"BreadcrumbList\",\"@id\":\"https:\/\/staging.fa-weilheim.de\/var\/www\/html\/?page_id=1385#breadcrumb\",\"itemListElement\":[{\"@type\":\"ListItem\",\"position\":1,\"name\":\"Home\",\"item\":\"https:\/\/staging.fa-weilheim.de\/var\/www\/html\/\"},{\"@type\":\"ListItem\",\"position\":2,\"name\":\"Kegelnanalge\"}]},{\"@type\":\"WebSite\",\"@id\":\"https:\/\/staging.fa-weilheim.de\/var\/www\/html\/#website\",\"url\":\"https:\/\/staging.fa-weilheim.de\/var\/www\/html\/\",\"name\":\"S.K.C Frischauf Weilheim\",\"description\":\"Sportkegel-Club Frischauf Weilheim\",\"publisher\":{\"@id\":\"https:\/\/staging.fa-weilheim.de\/var\/www\/html\/#organization\"},\"potentialAction\":[{\"@type\":\"SearchAction\",\"target\":{\"@type\":\"EntryPoint\",\"urlTemplate\":\"https:\/\/staging.fa-weilheim.de\/var\/www\/html\/?s={search_term_string}\"},\"query-input\":{\"@type\":\"PropertyValueSpecification\",\"valueRequired\":true,\"valueName\":\"search_term_string\"}}],\"inLanguage\":\"de\"},{\"@type\":\"Organization\",\"@id\":\"https:\/\/staging.fa-weilheim.de\/var\/www\/html\/#organization\",\"name\":\"S.K.C Frischauf Weilheim\",\"url\":\"https:\/\/staging.fa-weilheim.de\/var\/www\/html\/\",\"logo\":{\"@type\":\"ImageObject\",\"inLanguage\":\"de\",\"@id\":\"https:\/\/staging.fa-weilheim.de\/var\/www\/html\/#\/schema\/logo\/image\/\",\"url\":\"https:\/\/staging.fa-weilheim.de\/wp-content\/uploads\/2023\/07\/WW.png\",\"contentUrl\":\"https:\/\/staging.fa-weilheim.de\/wp-content\/uploads\/2023\/07\/WW.png\",\"width\":603,\"height\":779,\"caption\":\"S.K.C Frischauf Weilheim\"},\"image\":{\"@id\":\"https:\/\/staging.fa-weilheim.de\/var\/www\/html\/#\/schema\/logo\/image\/\"}}]}<\/script>\n<!-- \/ Yoast SEO plugin. -->","yoast_head_json":{"title":"Kegelnanalge - S.K.C Frischauf Weilheim","robots":{"index":"noindex","follow":"follow","max-snippet":"max-snippet:-1","max-image-preview":"max-image-preview:large","max-video-preview":"max-video-preview:-1"},"og_locale":"de_DE","og_type":"article","og_title":"Kegelnanalge - S.K.C Frischauf Weilheim","og_description":"unsere Heimat Kegelanalge What Are You Waiting For&#8230; Make an appointment Die neu erbaute vier Bahnenanlage in Weilheim, gebaut von der Firma Funk International im Jahr 2022, bietet Platz f\u00fcr Sportbetrieb, Gesellschaft, Firmenevents und private Veranstaltungen. Die Kegelbahn verf\u00fcgt \u00fcber zwei Umkleider\u00e4ume mit Dusche und Toilette, Zuschauertrib\u00fcne und Tische f\u00fcr jede Bahn mit ausreichender Bestuhlung. [&hellip;]","og_url":"https:\/\/staging.fa-weilheim.de\/var\/www\/html\/?page_id=1385","og_site_name":"S.K.C Frischauf Weilheim","article_modified_time":"2023-08-17T13:21:48+00:00","twitter_card":"summary_large_image","twitter_misc":{"Gesch\u00e4tzte Lesezeit":"1\u00a0Minute"},"schema":{"@context":"https:\/\/schema.org","@graph":[{"@type":"WebPage","@id":"https:\/\/staging.fa-weilheim.de\/var\/www\/html\/?page_id=1385","url":"https:\/\/staging.fa-weilheim.de\/var\/www\/html\/?page_id=1385","name":"Kegelnanalge - S.K.C Frischauf Weilheim","isPartOf":{"@id":"https:\/\/staging.fa-weilheim.de\/var\/www\/html\/#website"},"datePublished":"2023-08-17T13:12:10+00:00","dateModified":"2023-08-17T13:21:48+00:00","breadcrumb":{"@id":"https:\/\/staging.fa-weilheim.de\/var\/www\/html\/?page_id=1385#breadcrumb"},"inLanguage":"de","potentialAction":[{"@type":"ReadAction","target":["https:\/\/staging.fa-weilheim.de\/var\/www\/html\/?page_id=1385"]}]},{"@type":"BreadcrumbList","@id":"https:\/\/staging.fa-weilheim.de\/var\/www\/html\/?page_id=1385#breadcrumb","itemListElement":[{"@type":"ListItem","position":1,"name":"Home","item":"https:\/\/staging.fa-weilheim.de\/var\/www\/html\/"},{"@type":"ListItem","position":2,"name":"Kegelnanalge"}]},{"@type":"WebSite","@id":"https:\/\/staging.fa-weilheim.de\/var\/www\/html\/#website","url":"https:\/\/staging.fa-weilheim.de\/var\/www\/html\/","name":"S.K.C Frischauf Weilheim","description":"Sportkegel-Club Frischauf Weilheim","publisher":{"@id":"https:\/\/staging.fa-weilheim.de\/var\/www\/html\/#organization"},"potentialAction":[{"@type":"SearchAction","target":{"@type":"EntryPoint","urlTemplate":"https:\/\/staging.fa-weilheim.de\/var\/www\/html\/?s={search_term_string}"},"query-input":{"@type":"PropertyValueSpecification","valueRequired":true,"valueName":"search_term_string"}}],"inLanguage":"de"},{"@type":"Organization","@id":"https:\/\/staging.fa-weilheim.de\/var\/www\/html\/#organization","name":"S.K.C Frischauf Weilheim","url":"https:\/\/staging.fa-weilheim.de\/var\/www\/html\/","logo":{"@type":"ImageObject","inLanguage":"de","@id":"https:\/\/staging.fa-weilheim.de\/var\/www\/html\/#\/schema\/logo\/image\/","url":"https:\/\/staging.fa-weilheim.de\/wp-content\/uploads\/2023\/07\/WW.png","contentUrl":"https:\/\/staging.fa-weilheim.de\/wp-content\/uploads\/2023\/07\/WW.png","width":603,"height":779,"caption":"S.K.C Frischauf Weilheim"},"image":{"@id":"https:\/\/staging.fa-weilheim.de\/var\/www\/html\/#\/schema\/logo\/image\/"}}]}},"_links":{"self":[{"href":"https:\/\/staging.fa-weilheim.de\/var\/www\/html\/index.php?rest_route=\/wp\/v2\/pages\/1385","targetHints":{"allow":["GET"]}}],"collection":[{"href":"https:\/\/staging.fa-weilheim.de\/var\/www\/html\/index.php?rest_route=\/wp\/v2\/pages"}],"about":[{"href":"https:\/\/staging.fa-weilheim.de\/var\/www\/html\/index.php?rest_route=\/wp\/v2\/types\/page"}],"author":[{"embeddable":true,"href":"https:\/\/staging.fa-weilheim.de\/var\/www\/html\/index.php?rest_route=\/wp\/v2\/users\/2"}],"replies":[{"embeddable":true,"href":"https:\/\/staging.fa-weilheim.de\/var\/www\/html\/index.php?rest_route=%2Fwp%2Fv2%2Fcomments&post=1385"}],"version-history":[{"count":13,"href":"https:\/\/staging.fa-weilheim.de\/var\/www\/html\/index.php?rest_route=\/wp\/v2\/pages\/1385\/revisions"}],"predecessor-version":[{"id":1401,"href":"https:\/\/staging.fa-weilheim.de\/var\/www\/html\/index.php?rest_route=\/wp\/v2\/pages\/1385\/revisions\/1401"}],"wp:attachment":[{"href":"https:\/\/staging.fa-weilheim.de\/var\/www\/html\/index.php?rest_route=%2Fwp%2Fv2%2Fmedia&parent=1385"}],"curies":[{"name":"wp","href":"https:\/\/api.w.org\/{rel}","templated":true}]}}